{"id":6299,"date":"2017-05-29T09:36:41","date_gmt":"2017-05-29T09:36:41","guid":{"rendered":"https:\/\/dev.helprescue.se\/produkt\/olivia-2-airborne-thermal-cover\/"},"modified":"2017-05-29T14:19:27","modified_gmt":"2017-05-29T14:19:27","slug":"olivia-2-airborne-thermal-cover","status":"publish","type":"product","link":"https:\/\/helprescue.se\/en\/produkt\/olivia-2-airborne-thermal-cover\/","title":{"rendered":"Olivia II &#8211; AirBORNE Thermal Cover"},"content":{"rendered":"","protected":false},"excerpt":{"rendered":"<p>Help &#038; Rescue Kuv\u00f6st\u00e4cke f\u00f6r transportkuv\u00f6ser \u00e4r utvecklade f\u00f6r att h\u00e5lla barnet tryggt och friskt inuti kuv\u00f6sen och samtidigt g\u00f6ra det smidigt och enkelt f\u00f6r v\u00e5rdgivaren. T\u00e4cket skyddar mot v\u00e4rme, kyla, bl\u00e5st, vind och nederb\u00f6rd och barnet blir s\u00e5 lite p\u00e5verkad som m\u00f6jligt vid transporter.<br \/>\nV\u00e5ra modeller \u00e4r specialsydda efter olika kuv\u00f6sm\u00e4rken och vi g\u00f6r ocks\u00e5 specialanpassningar efter utrustning.<br \/>\nDesignen \u00e4r framtagen med fokus p\u00e5 att vara l\u00e4tthanterlig med transparenta f\u00f6nster som ger full synlighet av kuv\u00f6sen.<\/p>\n","protected":false},"featured_media":6275,"comment_status":"closed","ping_status":"closed","template":"","meta":[],"product_cat":[69,70],"product_tag":[],"class_list":{"0":"post-6299","1":"product","2":"type-product","3":"status-publish","4":"has-post-thumbnail","6":"product_cat-temperature-control","7":"product_cat-thermal-covers-for-transport-incubator","10":"first","11":"instock","12":"shipping-taxable","13":"product-type-simple"},"yoast_head":"<!-- This site is optimized with the Yoast SEO plugin v25.6 - https:\/\/yoast.com\/wordpress\/plugins\/seo\/ -->\n<title>Olivia II - AirBORNE Thermal Cover - Help &amp; Rescue<\/title>\n<meta name=\"robots\" content=\"index, follow, max-snippet:-1, max-image-preview:large, max-video-preview:-1\" \/>\n<link rel=\"canonical\" href=\"https:\/\/helprescue.se\/en\/produkt\/olivia-2-airborne-thermal-cover\/\" \/>\n<meta property=\"og:locale\" content=\"en_US\" \/>\n<meta property=\"og:type\" content=\"article\" \/>\n<meta property=\"og:title\" content=\"Olivia II - AirBORNE Thermal Cover - Help &amp; Rescue\" \/>\n<meta property=\"og:description\" content=\"Help &amp; Rescue Kuv\u00f6st\u00e4cke f\u00f6r transportkuv\u00f6ser \u00e4r utvecklade f\u00f6r att h\u00e5lla barnet tryggt och friskt inuti kuv\u00f6sen och samtidigt g\u00f6ra det smidigt och enkelt f\u00f6r v\u00e5rdgivaren. T\u00e4cket skyddar mot v\u00e4rme, kyla, bl\u00e5st, vind och nederb\u00f6rd och barnet blir s\u00e5 lite p\u00e5verkad som m\u00f6jligt vid transporter. V\u00e5ra modeller \u00e4r specialsydda efter olika kuv\u00f6sm\u00e4rken och vi g\u00f6r ocks\u00e5 specialanpassningar efter utrustning. Designen \u00e4r framtagen med fokus p\u00e5 att vara l\u00e4tthanterlig med transparenta f\u00f6nster som ger full synlighet av kuv\u00f6sen.\" \/>\n<meta property=\"og:url\" content=\"https:\/\/helprescue.se\/en\/produkt\/olivia-2-airborne-thermal-cover\/\" \/>\n<meta property=\"og:site_name\" content=\"Help &amp; Rescue\" \/>\n<meta property=\"article:modified_time\" content=\"2017-05-29T14:19:27+00:00\" \/>\n<meta property=\"og:image\" content=\"https:\/\/helprescue.se\/dev\/wp-content\/uploads\/2017\/05\/airborne02.jpg\" \/>\n\t<meta property=\"og:image:width\" content=\"600\" \/>\n\t<meta property=\"og:image:height\" content=\"450\" \/>\n\t<meta property=\"og:image:type\" content=\"image\/jpeg\" \/>\n<meta name=\"twitter:card\" content=\"summary_large_image\" \/>\n<script type=\"application\/ld+json\" class=\"yoast-schema-graph\">{\"@context\":\"https:\/\/schema.org\",\"@graph\":[{\"@type\":\"WebPage\",\"@id\":\"https:\/\/helprescue.se\/en\/produkt\/olivia-2-airborne-thermal-cover\/\",\"url\":\"https:\/\/helprescue.se\/en\/produkt\/olivia-2-airborne-thermal-cover\/\",\"name\":\"Olivia II - AirBORNE Thermal Cover - Help &amp; Rescue\",\"isPartOf\":{\"@id\":\"https:\/\/helprescue.se\/en\/#website\"},\"primaryImageOfPage\":{\"@id\":\"https:\/\/helprescue.se\/en\/produkt\/olivia-2-airborne-thermal-cover\/#primaryimage\"},\"image\":{\"@id\":\"https:\/\/helprescue.se\/en\/produkt\/olivia-2-airborne-thermal-cover\/#primaryimage\"},\"thumbnailUrl\":\"https:\/\/helprescue.se\/dev\/wp-content\/uploads\/2017\/05\/airborne02.jpg\",\"datePublished\":\"2017-05-29T09:36:41+00:00\",\"dateModified\":\"2017-05-29T14:19:27+00:00\",\"breadcrumb\":{\"@id\":\"https:\/\/helprescue.se\/en\/produkt\/olivia-2-airborne-thermal-cover\/#breadcrumb\"},\"inLanguage\":\"en-US\",\"potentialAction\":[{\"@type\":\"ReadAction\",\"target\":[\"https:\/\/helprescue.se\/en\/produkt\/olivia-2-airborne-thermal-cover\/\"]}]},{\"@type\":\"ImageObject\",\"inLanguage\":\"en-US\",\"@id\":\"https:\/\/helprescue.se\/en\/produkt\/olivia-2-airborne-thermal-cover\/#primaryimage\",\"url\":\"https:\/\/helprescue.se\/dev\/wp-content\/uploads\/2017\/05\/airborne02.jpg\",\"contentUrl\":\"https:\/\/helprescue.se\/dev\/wp-content\/uploads\/2017\/05\/airborne02.jpg\",\"width\":600,\"height\":450},{\"@type\":\"BreadcrumbList\",\"@id\":\"https:\/\/helprescue.se\/en\/produkt\/olivia-2-airborne-thermal-cover\/#breadcrumb\",\"itemListElement\":[{\"@type\":\"ListItem\",\"position\":1,\"name\":\"Hem\",\"item\":\"https:\/\/helprescue.se\/en\/\"},{\"@type\":\"ListItem\",\"position\":2,\"name\":\"Shop\",\"item\":\"https:\/\/helprescue.se\/en\/shop\/\"},{\"@type\":\"ListItem\",\"position\":3,\"name\":\"Olivia II &#8211; AirBORNE Thermal Cover\"}]},{\"@type\":\"WebSite\",\"@id\":\"https:\/\/helprescue.se\/en\/#website\",\"url\":\"https:\/\/helprescue.se\/en\/\",\"name\":\"Help &amp; Rescue\",\"description\":\"Experts on Temperature Control\",\"potentialAction\":[{\"@type\":\"SearchAction\",\"target\":{\"@type\":\"EntryPoint\",\"urlTemplate\":\"https:\/\/helprescue.se\/en\/?s={search_term_string}\"},\"query-input\":{\"@type\":\"PropertyValueSpecification\",\"valueRequired\":true,\"valueName\":\"search_term_string\"}}],\"inLanguage\":\"en-US\"}]}<\/script>\n<!-- \/ Yoast SEO plugin. -->","yoast_head_json":{"title":"Olivia II - AirBORNE Thermal Cover - Help &amp; Rescue","robots":{"index":"index","follow":"follow","max-snippet":"max-snippet:-1","max-image-preview":"max-image-preview:large","max-video-preview":"max-video-preview:-1"},"canonical":"https:\/\/helprescue.se\/en\/produkt\/olivia-2-airborne-thermal-cover\/","og_locale":"en_US","og_type":"article","og_title":"Olivia II - AirBORNE Thermal Cover - Help &amp; Rescue","og_description":"Help & Rescue Kuv\u00f6st\u00e4cke f\u00f6r transportkuv\u00f6ser \u00e4r utvecklade f\u00f6r att h\u00e5lla barnet tryggt och friskt inuti kuv\u00f6sen och samtidigt g\u00f6ra det smidigt och enkelt f\u00f6r v\u00e5rdgivaren. T\u00e4cket skyddar mot v\u00e4rme, kyla, bl\u00e5st, vind och nederb\u00f6rd och barnet blir s\u00e5 lite p\u00e5verkad som m\u00f6jligt vid transporter. V\u00e5ra modeller \u00e4r specialsydda efter olika kuv\u00f6sm\u00e4rken och vi g\u00f6r ocks\u00e5 specialanpassningar efter utrustning. Designen \u00e4r framtagen med fokus p\u00e5 att vara l\u00e4tthanterlig med transparenta f\u00f6nster som ger full synlighet av kuv\u00f6sen.","og_url":"https:\/\/helprescue.se\/en\/produkt\/olivia-2-airborne-thermal-cover\/","og_site_name":"Help &amp; Rescue","article_modified_time":"2017-05-29T14:19:27+00:00","og_image":[{"width":600,"height":450,"url":"https:\/\/helprescue.se\/dev\/wp-content\/uploads\/2017\/05\/airborne02.jpg","type":"image\/jpeg"}],"twitter_card":"summary_large_image","schema":{"@context":"https:\/\/schema.org","@graph":[{"@type":"WebPage","@id":"https:\/\/helprescue.se\/en\/produkt\/olivia-2-airborne-thermal-cover\/","url":"https:\/\/helprescue.se\/en\/produkt\/olivia-2-airborne-thermal-cover\/","name":"Olivia II - AirBORNE Thermal Cover - Help &amp; Rescue","isPartOf":{"@id":"https:\/\/helprescue.se\/en\/#website"},"primaryImageOfPage":{"@id":"https:\/\/helprescue.se\/en\/produkt\/olivia-2-airborne-thermal-cover\/#primaryimage"},"image":{"@id":"https:\/\/helprescue.se\/en\/produkt\/olivia-2-airborne-thermal-cover\/#primaryimage"},"thumbnailUrl":"https:\/\/helprescue.se\/dev\/wp-content\/uploads\/2017\/05\/airborne02.jpg","datePublished":"2017-05-29T09:36:41+00:00","dateModified":"2017-05-29T14:19:27+00:00","breadcrumb":{"@id":"https:\/\/helprescue.se\/en\/produkt\/olivia-2-airborne-thermal-cover\/#breadcrumb"},"inLanguage":"en-US","potentialAction":[{"@type":"ReadAction","target":["https:\/\/helprescue.se\/en\/produkt\/olivia-2-airborne-thermal-cover\/"]}]},{"@type":"ImageObject","inLanguage":"en-US","@id":"https:\/\/helprescue.se\/en\/produkt\/olivia-2-airborne-thermal-cover\/#primaryimage","url":"https:\/\/helprescue.se\/dev\/wp-content\/uploads\/2017\/05\/airborne02.jpg","contentUrl":"https:\/\/helprescue.se\/dev\/wp-content\/uploads\/2017\/05\/airborne02.jpg","width":600,"height":450},{"@type":"BreadcrumbList","@id":"https:\/\/helprescue.se\/en\/produkt\/olivia-2-airborne-thermal-cover\/#breadcrumb","itemListElement":[{"@type":"ListItem","position":1,"name":"Hem","item":"https:\/\/helprescue.se\/en\/"},{"@type":"ListItem","position":2,"name":"Shop","item":"https:\/\/helprescue.se\/en\/shop\/"},{"@type":"ListItem","position":3,"name":"Olivia II &#8211; AirBORNE Thermal Cover"}]},{"@type":"WebSite","@id":"https:\/\/helprescue.se\/en\/#website","url":"https:\/\/helprescue.se\/en\/","name":"Help &amp; Rescue","description":"Experts on Temperature Control","potentialAction":[{"@type":"SearchAction","target":{"@type":"EntryPoint","urlTemplate":"https:\/\/helprescue.se\/en\/?s={search_term_string}"},"query-input":{"@type":"PropertyValueSpecification","valueRequired":true,"valueName":"search_term_string"}}],"inLanguage":"en-US"}]}},"_links":{"self":[{"href":"https:\/\/helprescue.se\/en\/wp-json\/wp\/v2\/product\/6299"}],"collection":[{"href":"https:\/\/helprescue.se\/en\/wp-json\/wp\/v2\/product"}],"about":[{"href":"https:\/\/helprescue.se\/en\/wp-json\/wp\/v2\/types\/product"}],"replies":[{"embeddable":true,"href":"https:\/\/helprescue.se\/en\/wp-json\/wp\/v2\/comments?post=6299"}],"wp:featuredmedia":[{"embeddable":true,"href":"https:\/\/helprescue.se\/en\/wp-json\/wp\/v2\/media\/6275"}],"wp:attachment":[{"href":"https:\/\/helprescue.se\/en\/wp-json\/wp\/v2\/media?parent=6299"}],"wp:term":[{"taxonomy":"product_cat","embeddable":true,"href":"https:\/\/helprescue.se\/en\/wp-json\/wp\/v2\/product_cat?post=6299"},{"taxonomy":"product_tag","embeddable":true,"href":"https:\/\/helprescue.se\/en\/wp-json\/wp\/v2\/product_tag?post=6299"}],"curies":[{"name":"wp","href":"https:\/\/api.w.org\/{rel}","templated":true}]}}